{"id":692,"date":"2025-08-04T14:40:33","date_gmt":"2025-08-04T14:40:33","guid":{"rendered":"https:\/\/dev18.mucui.net\/?page_id=692"},"modified":"2025-10-20T18:28:21","modified_gmt":"2025-10-20T18:28:21","slug":"commitment-to-sustainability","status":"publish","type":"page","link":"https:\/\/hfs-usa.com\/es\/commitment-to-sustainability\/","title":{"rendered":"Compromiso con la sostenibilidad"},"content":{"rendered":"<div data-elementor-type=\"wp-page\" data-elementor-id=\"692\" class=\"elementor elementor-692\" data-elementor-post-type=\"page\">\n\t\t\t\t<div class=\"elementor-element elementor-element-6d39dbfc e-flex e-con-boxed e-con e-parent\" data-id=\"6d39dbfc\" data-element_type=\"container\" data-settings=\"{&quot;background_background&quot;:&quot;classic&quot;}\">\n\t\t\t\t\t<div class=\"e-con-inner\">\n\t\t<div class=\"elementor-element elementor-element-e4766aa e-con-full e-flex e-con e-child\" data-id=\"e4766aa\" data-element_type=\"container\" data-settings=\"{&quot;background_background&quot;:&quot;classic&quot;}\">\n\t\t\t\t<div class=\"elementor-element elementor-element-313a3eac text-center elementor-widget elementor-widget-tp-heading-title\" data-id=\"313a3eac\" data-element_type=\"widget\" data-widget_type=\"tp-heading-title.default\">\n\t\t\t\t\t<div class=\"heading heading_style heading_style69e7375a4c44e style-1\" ><div class=\"sub-style\" ><div class=\"head-title\" > <h2  class=\"heading-title\"  data-hover=\"Commitment to sustainability\">Compromiso con la sostenibilidad<span class=\"title-s\">  <\/span><\/h2><\/div><\/div><\/div>\t\t\t\t<\/div>\n\t\t\t\t<\/div>\n\t\t\t\t\t<\/div>\n\t\t\t\t<\/div>\n\t\t<div class=\"elementor-element elementor-element-441d5116 e-flex e-con-boxed e-con e-parent\" data-id=\"441d5116\" data-element_type=\"container\">\n\t\t\t\t\t<div class=\"e-con-inner\">\n\t\t<div class=\"elementor-element elementor-element-3711e6c7 e-con-full e-flex e-con e-child\" data-id=\"3711e6c7\" data-element_type=\"container\">\n\t\t<div class=\"elementor-element elementor-element-4e91c137 e-con-full e-flex e-con e-child\" data-id=\"4e91c137\" data-element_type=\"container\">\n\t\t\t\t<div class=\"elementor-element elementor-element-2134a3b1 elementor-widget__width-initial elementor-widget-tablet__width-inherit elementor-widget elementor-widget-image-box\" data-id=\"2134a3b1\" data-element_type=\"widget\" data-widget_type=\"image-box.default\">\n\t\t\t\t\t<div class=\"elementor-image-box-wrapper\"><div class=\"elementor-image-box-content\"><h2 class=\"elementor-image-box-title\">Sistemas Hidr\u00e1ulicos con Responsabilidad Medioambiental<\/h2><p class=\"elementor-image-box-description\">En Hydraulic Fluid Systems (HFS), la sostenibilidad no es un a\u00f1adido, sino un principio b\u00e1sico integrado en el dise\u00f1o, la ingenier\u00eda y la entrega de cada soluci\u00f3n que implementamos. Entendemos que la hidr\u00e1ulica m\u00f3vil, cuando no se gestiona adecuadamente, puede tener un impacto medioambiental significativo, desde fugas de aceite hasta emisiones de carbono innecesarias.<\/p><\/div><\/div>\t\t\t\t<\/div>\n\t\t\t\t<div class=\"elementor-element elementor-element-5d5b8d28 elementor-widget-tablet__width-inherit elementor-widget elementor-widget-image\" data-id=\"5d5b8d28\" data-element_type=\"widget\" data-widget_type=\"image.default\">\n\t\t\t\t\t\t\t\t\t\t\t\t\t\t\t<img fetchpriority=\"high\" decoding=\"async\" width=\"2560\" height=\"1707\" src=\"https:\/\/hfs-usa.com\/wp-content\/uploads\/2025\/08\/11953905-scaled.jpg\" class=\"attachment-full size-full wp-image-1128\" alt=\"\" srcset=\"https:\/\/hfs-usa.com\/wp-content\/uploads\/2025\/08\/11953905-scaled.jpg 2560w, https:\/\/hfs-usa.com\/wp-content\/uploads\/2025\/08\/11953905-300x200.jpg 300w, https:\/\/hfs-usa.com\/wp-content\/uploads\/2025\/08\/11953905-1024x683.jpg 1024w, https:\/\/hfs-usa.com\/wp-content\/uploads\/2025\/08\/11953905-768x512.jpg 768w, https:\/\/hfs-usa.com\/wp-content\/uploads\/2025\/08\/11953905-1536x1024.jpg 1536w, https:\/\/hfs-usa.com\/wp-content\/uploads\/2025\/08\/11953905-2048x1365.jpg 2048w, https:\/\/hfs-usa.com\/wp-content\/uploads\/2025\/08\/11953905-18x12.jpg 18w, https:\/\/hfs-usa.com\/wp-content\/uploads\/2025\/08\/11953905-600x400.jpg 600w\" sizes=\"(max-width: 2560px) 100vw, 2560px\" \/>\t\t\t\t\t\t\t\t\t\t\t\t\t\t\t<\/div>\n\t\t\t\t<\/div>\n\t\t<div class=\"elementor-element elementor-element-5fc7817 e-con-full e-flex e-con e-child\" data-id=\"5fc7817\" data-element_type=\"container\">\n\t\t\t\t<div class=\"elementor-element elementor-element-a62217e elementor-widget__width-initial elementor-widget-tablet__width-inherit elementor-widget elementor-widget-image-box\" data-id=\"a62217e\" data-element_type=\"widget\" data-widget_type=\"image-box.default\">\n\t\t\t\t\t<div class=\"elementor-image-box-wrapper\"><div class=\"elementor-image-box-content\"><p class=\"elementor-image-box-description\">Por eso alineamos nuestro modelo operativo con las normas internacionales y las mejores pr\u00e1cticas de gesti\u00f3n responsable de residuos y eficiencia energ\u00e9tica, entre otras:<\/p><\/div><\/div>\t\t\t\t<\/div>\n\t\t\t\t<\/div>\n\t\t\t\t<div class=\"elementor-element elementor-element-a386aa6 elementor-hidden-mobile elementor-widget-divider--view-line elementor-widget elementor-widget-divider\" data-id=\"a386aa6\" data-element_type=\"widget\" data-widget_type=\"divider.default\">\n\t\t\t\t\t\t\t<div class=\"elementor-divider\">\n\t\t\t<span class=\"elementor-divider-separator\">\n\t\t\t\t\t\t<\/span>\n\t\t<\/div>\n\t\t\t\t\t\t<\/div>\n\t\t<div class=\"elementor-element elementor-element-6bc76e23 e-con-full e-flex e-con e-child\" data-id=\"6bc76e23\" data-element_type=\"container\">\n\t\t\t\t<div class=\"elementor-element elementor-element-81f73af elementor-widget elementor-widget-image\" data-id=\"81f73af\" data-element_type=\"widget\" data-widget_type=\"image.default\">\n\t\t\t\t\t\t\t\t\t\t\t\t\t\t\t<img decoding=\"async\" width=\"800\" height=\"552\" src=\"https:\/\/hfs-usa.com\/wp-content\/uploads\/2025\/08\/604085092-33433667-1024x706.jpg\" class=\"attachment-large size-large wp-image-1129\" alt=\"\" srcset=\"https:\/\/hfs-usa.com\/wp-content\/uploads\/2025\/08\/604085092-33433667-1024x706.jpg 1024w, https:\/\/hfs-usa.com\/wp-content\/uploads\/2025\/08\/604085092-33433667-300x207.jpg 300w, https:\/\/hfs-usa.com\/wp-content\/uploads\/2025\/08\/604085092-33433667-768x529.jpg 768w, https:\/\/hfs-usa.com\/wp-content\/uploads\/2025\/08\/604085092-33433667-1536x1058.jpg 1536w, https:\/\/hfs-usa.com\/wp-content\/uploads\/2025\/08\/604085092-33433667-2048x1411.jpg 2048w, https:\/\/hfs-usa.com\/wp-content\/uploads\/2025\/08\/604085092-33433667-18x12.jpg 18w, https:\/\/hfs-usa.com\/wp-content\/uploads\/2025\/08\/604085092-33433667-600x413.jpg 600w\" sizes=\"(max-width: 800px) 100vw, 800px\" \/>\t\t\t\t\t\t\t\t\t\t\t\t\t\t\t<\/div>\n\t\t\t\t<\/div>\n\t\t<div class=\"elementor-element elementor-element-40e6d0b1 e-con-full e-flex e-con e-child\" data-id=\"40e6d0b1\" data-element_type=\"container\">\n\t\t<div class=\"elementor-element elementor-element-13e4b43a e-grid e-con-full e-con e-child\" data-id=\"13e4b43a\" data-element_type=\"container\">\n\t\t<div class=\"elementor-element elementor-element-1667a9e0 e-con-full e-flex e-con e-child\" data-id=\"1667a9e0\" data-element_type=\"container\">\n\t\t\t\t<div class=\"elementor-element elementor-element-66f60fa7 elementor-widget-tablet__width-initial elementor-widget elementor-widget-image-box\" data-id=\"66f60fa7\" data-element_type=\"widget\" data-widget_type=\"image-box.default\">\n\t\t\t\t\t<div class=\"elementor-image-box-wrapper\"><div class=\"elementor-image-box-content\"><p class=\"elementor-image-box-description\">ISO 14001: Gesti\u00f3n medioambiental en toda la cadena de suministro<\/p><\/div><\/div>\t\t\t\t<\/div>\n\t\t\t\t<\/div>\n\t\t<div class=\"elementor-element elementor-element-75842d9 e-con-full e-flex e-con e-child\" data-id=\"75842d9\" data-element_type=\"container\">\n\t\t\t\t<div class=\"elementor-element elementor-element-f20c6b7 elementor-widget-tablet__width-initial elementor-widget elementor-widget-image-box\" data-id=\"f20c6b7\" data-element_type=\"widget\" data-widget_type=\"image-box.default\">\n\t\t\t\t\t<div class=\"elementor-image-box-wrapper\"><div class=\"elementor-image-box-content\"><p class=\"elementor-image-box-description\">ISO 50001: Eficiencia energ\u00e9tica aplicada a las operaciones t\u00e9cnicas<\/p><\/div><\/div>\t\t\t\t<\/div>\n\t\t\t\t<\/div>\n\t\t<div class=\"elementor-element elementor-element-2c0cb9c5 e-con-full e-flex e-con e-child\" data-id=\"2c0cb9c5\" data-element_type=\"container\">\n\t\t\t\t<div class=\"elementor-element elementor-element-193cc84 elementor-widget-tablet__width-initial elementor-widget elementor-widget-image-box\" data-id=\"193cc84\" data-element_type=\"widget\" data-widget_type=\"image-box.default\">\n\t\t\t\t\t<div class=\"elementor-image-box-wrapper\"><div class=\"elementor-image-box-content\"><p class=\"elementor-image-box-description\">Directiva marco sobre residuos 2008\/98\/CE de la UE: Directrices para la reutilizaci\u00f3n y el reciclado de componentes hidr\u00e1ulicos<\/p><\/div><\/div>\t\t\t\t<\/div>\n\t\t\t\t<\/div>\n\t\t<div class=\"elementor-element elementor-element-3eb8b16 e-con-full e-flex e-con e-child\" data-id=\"3eb8b16\" data-element_type=\"container\">\n\t\t\t\t<div class=\"elementor-element elementor-element-2a4a980 elementor-widget-tablet__width-initial elementor-widget elementor-widget-image-box\" data-id=\"2a4a980\" data-element_type=\"widget\" data-widget_type=\"image-box.default\">\n\t\t\t\t\t<div class=\"elementor-image-box-wrapper\"><div class=\"elementor-image-box-content\"><p class=\"elementor-image-box-description\">EPA Clean Water Act (EE.UU.): Prevenci\u00f3n de vertidos y contaminaci\u00f3n de sistemas m\u00f3viles\ncontrol<\/p><\/div><\/div>\t\t\t\t<\/div>\n\t\t\t\t<\/div>\n\t\t<div class=\"elementor-element elementor-element-78ec5d5 e-con-full e-flex e-con e-child\" data-id=\"78ec5d5\" data-element_type=\"container\">\n\t\t\t\t<div class=\"elementor-element elementor-element-2d2a975 elementor-widget-tablet__width-initial elementor-widget elementor-widget-image-box\" data-id=\"2d2a975\" data-element_type=\"widget\" data-widget_type=\"image-box.default\">\n\t\t\t\t\t<div class=\"elementor-image-box-wrapper\"><div class=\"elementor-image-box-content\"><p class=\"elementor-image-box-description\">RoHS &amp; REACH (EU): Restriction of hazardous substances in industrial materials<\/p><\/div><\/div>\t\t\t\t<\/div>\n\t\t\t\t<\/div>\n\t\t\t\t<\/div>\n\t\t\t\t<\/div>\n\t\t\t\t<\/div>\n\t\t\t\t\t<\/div>\n\t\t\t\t<\/div>\n\t\t<div class=\"elementor-element elementor-element-6e234c4d e-flex e-con-boxed e-con e-parent\" data-id=\"6e234c4d\" data-element_type=\"container\" data-settings=\"{&quot;background_background&quot;:&quot;classic&quot;}\">\n\t\t\t\t\t<div class=\"e-con-inner\">\n\t\t<div class=\"elementor-element elementor-element-4ac5d447 e-con-full e-flex e-con e-child\" data-id=\"4ac5d447\" data-element_type=\"container\">\n\t\t<div class=\"elementor-element elementor-element-3b97b8b3 e-con-full e-flex e-con e-child\" data-id=\"3b97b8b3\" data-element_type=\"container\">\n\t\t\t\t<div class=\"elementor-element elementor-element-5a512751 elementor-widget__width-inherit elementor-widget elementor-widget-image\" data-id=\"5a512751\" data-element_type=\"widget\" data-widget_type=\"image.default\">\n\t\t\t\t\t\t\t\t\t\t\t\t\t\t\t<img decoding=\"async\" width=\"2560\" height=\"1706\" src=\"https:\/\/hfs-usa.com\/wp-content\/uploads\/2025\/08\/677916508-32555907-scaled.jpg\" class=\"attachment-full size-full wp-image-1130\" alt=\"\" srcset=\"https:\/\/hfs-usa.com\/wp-content\/uploads\/2025\/08\/677916508-32555907-scaled.jpg 2560w, https:\/\/hfs-usa.com\/wp-content\/uploads\/2025\/08\/677916508-32555907-300x200.jpg 300w, https:\/\/hfs-usa.com\/wp-content\/uploads\/2025\/08\/677916508-32555907-1024x682.jpg 1024w, https:\/\/hfs-usa.com\/wp-content\/uploads\/2025\/08\/677916508-32555907-768x512.jpg 768w, https:\/\/hfs-usa.com\/wp-content\/uploads\/2025\/08\/677916508-32555907-1536x1023.jpg 1536w, https:\/\/hfs-usa.com\/wp-content\/uploads\/2025\/08\/677916508-32555907-2048x1364.jpg 2048w, https:\/\/hfs-usa.com\/wp-content\/uploads\/2025\/08\/677916508-32555907-18x12.jpg 18w, https:\/\/hfs-usa.com\/wp-content\/uploads\/2025\/08\/677916508-32555907-600x400.jpg 600w\" sizes=\"(max-width: 2560px) 100vw, 2560px\" \/>\t\t\t\t\t\t\t\t\t\t\t\t\t\t\t<\/div>\n\t\t\t\t<\/div>\n\t\t<div class=\"elementor-element elementor-element-2b03648a e-con-full e-flex e-con e-child\" data-id=\"2b03648a\" data-element_type=\"container\">\n\t\t\t\t<div class=\"elementor-element elementor-element-3f00dcc1 elementor-widget-tablet__width-inherit elementor-widget-mobile__width-inherit elementor-widget elementor-widget-text-editor\" data-id=\"3f00dcc1\" data-element_type=\"widget\" data-widget_type=\"text-editor.default\">\n\t\t\t\t\t\t\t\t\t<p>Todos los componentes que seleccionamos y todos los sistemas que configuramos se rigen por este principio:<br \/>Minimizar la huella ecol\u00f3gica del equipo sin comprometer su rendimiento.<\/p>\t\t\t\t\t\t\t\t<\/div>\n\t\t\t\t<div class=\"elementor-element elementor-element-bed014e elementor-widget-tablet__width-inherit elementor-widget-mobile__width-inherit elementor-widget elementor-widget-text-editor\" data-id=\"bed014e\" data-element_type=\"widget\" data-widget_type=\"text-editor.default\">\n\t\t\t\t\t\t\t\t\t<p>HFS promueve una cultura t\u00e9cnica responsable, desempe\u00f1ando un papel activo en la transici\u00f3n<br \/>hacia sistemas hidr\u00e1ulicos m\u00e1s limpios y eficientes que satisfagan las demandas del siglo<br \/>XXI.<\/p>\t\t\t\t\t\t\t\t<\/div>\n\t\t\t\t<\/div>\n\t\t\t\t<div class=\"elementor-element elementor-element-210dd3d5 elementor-hidden-mobile elementor-widget-divider--view-line elementor-widget elementor-widget-divider\" data-id=\"210dd3d5\" data-element_type=\"widget\" data-widget_type=\"divider.default\">\n\t\t\t\t\t\t\t<div class=\"elementor-divider\">\n\t\t\t<span class=\"elementor-divider-separator\">\n\t\t\t\t\t\t<\/span>\n\t\t<\/div>\n\t\t\t\t\t\t<\/div>\n\t\t<div class=\"elementor-element elementor-element-2822e954 e-con-full e-flex e-con e-child\" data-id=\"2822e954\" data-element_type=\"container\">\n\t\t<div class=\"elementor-element elementor-element-4b1920e3 e-con-full e-flex e-con e-child\" data-id=\"4b1920e3\" data-element_type=\"container\">\n\t\t<div class=\"elementor-element elementor-element-2c20f7fb e-con-full e-flex e-con e-child\" data-id=\"2c20f7fb\" data-element_type=\"container\" data-settings=\"{&quot;background_background&quot;:&quot;classic&quot;}\">\n\t\t\t\t<div class=\"elementor-element elementor-element-43daff43 elementor-widget-mobile__width-inherit elementor-widget elementor-widget-image-box\" data-id=\"43daff43\" data-element_type=\"widget\" data-widget_type=\"image-box.default\">\n\t\t\t\t\t<div class=\"elementor-image-box-wrapper\"><div class=\"elementor-image-box-content\"><p class=\"elementor-image-box-description\">Dise\u00f1o hidr\u00e1ulico optimizado para reducir el consumo de energ\u00eda<\/p><\/div><\/div>\t\t\t\t<\/div>\n\t\t\t\t<\/div>\n\t\t<div class=\"elementor-element elementor-element-392ee0b9 e-con-full e-flex e-con e-child\" data-id=\"392ee0b9\" data-element_type=\"container\" data-settings=\"{&quot;background_background&quot;:&quot;classic&quot;}\">\n\t\t\t\t<div class=\"elementor-element elementor-element-54138e62 elementor-widget-mobile__width-inherit elementor-widget elementor-widget-image-box\" data-id=\"54138e62\" data-element_type=\"widget\" data-widget_type=\"image-box.default\">\n\t\t\t\t\t<div class=\"elementor-image-box-wrapper\"><div class=\"elementor-image-box-content\"><p class=\"elementor-image-box-description\">Gu\u00eda para reciclar mangueras, filtros y dep\u00f3sitos<\/p><\/div><\/div>\t\t\t\t<\/div>\n\t\t\t\t<\/div>\n\t\t\t\t<\/div>\n\t\t<div class=\"elementor-element elementor-element-5c0774f6 e-con-full e-flex e-con e-child\" data-id=\"5c0774f6\" data-element_type=\"container\">\n\t\t<div class=\"elementor-element elementor-element-45e8ac98 e-con-full e-flex e-con e-child\" data-id=\"45e8ac98\" data-element_type=\"container\" data-settings=\"{&quot;background_background&quot;:&quot;classic&quot;}\">\n\t\t\t\t<div class=\"elementor-element elementor-element-58d9e858 elementor-widget-mobile__width-inherit elementor-widget elementor-widget-image-box\" data-id=\"58d9e858\" data-element_type=\"widget\" data-widget_type=\"image-box.default\">\n\t\t\t\t\t<div class=\"elementor-image-box-wrapper\"><div class=\"elementor-image-box-content\"><p class=\"elementor-image-box-description\">Uso de aceites biodegradables a petici\u00f3n o en sectores regulados<\/p><\/div><\/div>\t\t\t\t<\/div>\n\t\t\t\t<\/div>\n\t\t<div class=\"elementor-element elementor-element-6c5a1108 e-con-full e-flex e-con e-child\" data-id=\"6c5a1108\" data-element_type=\"container\" data-settings=\"{&quot;background_background&quot;:&quot;classic&quot;}\">\n\t\t\t\t<div class=\"elementor-element elementor-element-20a4830f elementor-widget-mobile__width-inherit elementor-widget elementor-widget-image-box\" data-id=\"20a4830f\" data-element_type=\"widget\" data-widget_type=\"image-box.default\">\n\t\t\t\t\t<div class=\"elementor-image-box-wrapper\"><div class=\"elementor-image-box-content\"><p class=\"elementor-image-box-description\">Asesoramiento t\u00e9cnico para modernizar equipos anticuados y contaminantes<\/p><\/div><\/div>\t\t\t\t<\/div>\n\t\t\t\t<\/div>\n\t\t\t\t<\/div>\n\t\t<div class=\"elementor-element elementor-element-6b8da8c5 e-con-full e-flex e-con e-child\" data-id=\"6b8da8c5\" data-element_type=\"container\">\n\t\t<div class=\"elementor-element elementor-element-7d2abaf6 e-con-full e-flex e-con e-child\" data-id=\"7d2abaf6\" data-element_type=\"container\" data-settings=\"{&quot;background_background&quot;:&quot;classic&quot;}\">\n\t\t\t\t<div class=\"elementor-element elementor-element-261715ff elementor-widget-mobile__width-inherit elementor-widget elementor-widget-image-box\" data-id=\"261715ff\" data-element_type=\"widget\" data-widget_type=\"image-box.default\">\n\t\t\t\t\t<div class=\"elementor-image-box-wrapper\"><div class=\"elementor-image-box-content\"><p class=\"elementor-image-box-description\">Ciclos de mantenimiento predictivo para evitar sustituciones prematuras<\/p><\/div><\/div>\t\t\t\t<\/div>\n\t\t\t\t<\/div>\n\t\t\t\t<\/div>\n\t\t\t\t<\/div>\n\t\t\t\t<\/div>\n\t\t\t\t\t<\/div>\n\t\t\t\t<\/div>\n\t\t\t\t<\/div>","protected":false},"excerpt":{"rendered":"<p>Commitment to sustainability Hydraulic Systems with Environmental Responsibility At Hydraulic Fluid Systems (HFS), sustainability is not an add-on \u2014 it\u2019s a core principle embedded in the design, engineering, and delivery of every solution we implement. We understand that mobile hydraulics \u2014 when not properly managed \u2014 can have significant environmental impacts, from oil leaks to [&hellip;]<\/p>","protected":false},"author":1,"featured_media":0,"parent":0,"menu_order":0,"comment_status":"closed","ping_status":"closed","template":"elementor_header_footer","meta":{"footnotes":""},"class_list":["post-692","page","type-page","status-publish","hentry"],"_hostinger_reach_plugin_has_subscription_block":false,"_hostinger_reach_plugin_is_elementor":false,"_links":{"self":[{"href":"https:\/\/hfs-usa.com\/es\/wp-json\/wp\/v2\/pages\/692","targetHints":{"allow":["GET"]}}],"collection":[{"href":"https:\/\/hfs-usa.com\/es\/wp-json\/wp\/v2\/pages"}],"about":[{"href":"https:\/\/hfs-usa.com\/es\/wp-json\/wp\/v2\/types\/page"}],"author":[{"embeddable":true,"href":"https:\/\/hfs-usa.com\/es\/wp-json\/wp\/v2\/users\/1"}],"replies":[{"embeddable":true,"href":"https:\/\/hfs-usa.com\/es\/wp-json\/wp\/v2\/comments?post=692"}],"version-history":[{"count":25,"href":"https:\/\/hfs-usa.com\/es\/wp-json\/wp\/v2\/pages\/692\/revisions"}],"predecessor-version":[{"id":1698,"href":"https:\/\/hfs-usa.com\/es\/wp-json\/wp\/v2\/pages\/692\/revisions\/1698"}],"wp:attachment":[{"href":"https:\/\/hfs-usa.com\/es\/wp-json\/wp\/v2\/media?parent=692"}],"curies":[{"name":"wp","href":"https:\/\/api.w.org\/{rel}","templated":true}]}}