{"id":691,"date":"2025-08-04T14:40:33","date_gmt":"2025-08-04T14:40:33","guid":{"rendered":"https:\/\/dev18.mucui.net\/?page_id=691"},"modified":"2025-09-10T19:41:58","modified_gmt":"2025-09-10T19:41:58","slug":"our-approach","status":"publish","type":"page","link":"https:\/\/hfs-usa.com\/es\/our-approach\/","title":{"rendered":"Nuestro enfoque"},"content":{"rendered":"<div data-elementor-type=\"wp-page\" data-elementor-id=\"691\" class=\"elementor elementor-691\" data-elementor-post-type=\"page\">\n\t\t\t\t<div class=\"elementor-element elementor-element-16adf4c6 e-flex e-con-boxed e-con e-parent\" data-id=\"16adf4c6\" data-element_type=\"container\" data-settings=\"{&quot;background_background&quot;:&quot;classic&quot;}\">\n\t\t\t\t\t<div class=\"e-con-inner\">\n\t\t<div class=\"elementor-element elementor-element-3ae756cc e-con-full e-flex e-con e-child\" data-id=\"3ae756cc\" data-element_type=\"container\" data-settings=\"{&quot;background_background&quot;:&quot;classic&quot;}\">\n\t\t\t\t<div class=\"elementor-element elementor-element-4659a3ea text-center elementor-widget elementor-widget-tp-heading-title\" data-id=\"4659a3ea\" data-element_type=\"widget\" data-widget_type=\"tp-heading-title.default\">\n\t\t\t\t\t<div class=\"heading heading_style heading_style69e7375b41d08 style-1\" ><div class=\"sub-style\" ><div class=\"head-title\" > <h2  class=\"heading-title\"  data-hover=\"Our approach\">Nuestro enfoque<span class=\"title-s\">  <\/span><\/h2><\/div><\/div><\/div>\t\t\t\t<\/div>\n\t\t\t\t<\/div>\n\t\t\t\t\t<\/div>\n\t\t\t\t<\/div>\n\t\t<div class=\"elementor-element elementor-element-1bbba5ea e-flex e-con-boxed e-con e-parent\" data-id=\"1bbba5ea\" data-element_type=\"container\">\n\t\t\t\t\t<div class=\"e-con-inner\">\n\t\t<div class=\"elementor-element elementor-element-71c74dc6 e-con-full e-flex e-con e-child\" data-id=\"71c74dc6\" data-element_type=\"container\">\n\t\t<div class=\"elementor-element elementor-element-12a4a9a0 e-con-full e-flex e-con e-child\" data-id=\"12a4a9a0\" data-element_type=\"container\">\n\t\t<div class=\"elementor-element elementor-element-59960120 e-con-full e-flex e-con e-child\" data-id=\"59960120\" data-element_type=\"container\">\n\t\t\t\t<div class=\"elementor-element elementor-element-4a82e5da elementor-widget__width-inherit elementor-widget-mobile__width-inherit elementor-widget elementor-widget-heading\" data-id=\"4a82e5da\" data-element_type=\"widget\" data-widget_type=\"heading.default\">\n\t\t\t\t\t<h2 class=\"elementor-heading-title elementor-size-default\">Especializaci\u00f3n, Eficiencia y Valor Aplicado<\/h2>\t\t\t\t<\/div>\n\t\t\t\t<div class=\"elementor-element elementor-element-3559c7ba elementor-widget-tablet__width-inherit elementor-widget-mobile__width-inherit elementor-widget elementor-widget-text-editor\" data-id=\"3559c7ba\" data-element_type=\"widget\" data-widget_type=\"text-editor.default\">\n\t\t\t\t\t\t\t\t\t<p>En HFS, no improvisamos: trabajamos con una metodolog\u00eda clara dise\u00f1ada para ofrecer<br \/>resultados cuantificables en sistemas hidr\u00e1ulicos m\u00f3viles. Desde el an\u00e1lisis t\u00e9cnico hasta la integraci\u00f3n final,<br \/>trabajamos con precisi\u00f3n, rapidez y plena alineaci\u00f3n con los objetivos del cliente.<\/p>\t\t\t\t\t\t\t\t<\/div>\n\t\t\t\t<div class=\"elementor-element elementor-element-727b93b elementor-widget-tablet__width-inherit elementor-widget-mobile__width-inherit elementor-widget elementor-widget-text-editor\" data-id=\"727b93b\" data-element_type=\"widget\" data-widget_type=\"text-editor.default\">\n\t\t\t\t\t\t\t\t\t<p>No hablamos de innovaci\u00f3n en teor\u00eda, resolvemos lo que otros evitan:<br \/>Sistemas sobrecargados, flotas inmovilizadas y equipos cr\u00edticos llevados al l\u00edmite.<\/p>\t\t\t\t\t\t\t\t<\/div>\n\t\t\t\t<div class=\"elementor-element elementor-element-b9b39e6 elementor-widget-tablet__width-inherit elementor-widget-mobile__width-inherit elementor-widget elementor-widget-text-editor\" data-id=\"b9b39e6\" data-element_type=\"widget\" data-widget_type=\"text-editor.default\">\n\t\t\t\t\t\t\t\t\t<p>En ese contexto, HFS ofrece ingenier\u00eda pr\u00e1ctica, decisiones \u00e1giles y un apoyo que se puede<br \/>sentir sobre el terreno.<\/p>\t\t\t\t\t\t\t\t<\/div>\n\t\t\t\t<\/div>\n\t\t\t\t<\/div>\n\t\t<div class=\"elementor-element elementor-element-30aeeb98 e-con-full e-flex e-con e-child\" data-id=\"30aeeb98\" data-element_type=\"container\">\n\t\t\t\t<div class=\"elementor-element elementor-element-1c3841ec elementor-widget elementor-widget-image\" data-id=\"1c3841ec\" data-element_type=\"widget\" data-widget_type=\"image.default\">\n\t\t\t\t\t\t\t\t\t\t\t\t\t\t\t<img fetchpriority=\"high\" decoding=\"async\" width=\"1920\" height=\"2560\" src=\"https:\/\/hfs-usa.com\/wp-content\/uploads\/2025\/08\/791168-32152039-scaled.jpg\" class=\"attachment-full size-full wp-image-1109\" alt=\"\" srcset=\"https:\/\/hfs-usa.com\/wp-content\/uploads\/2025\/08\/791168-32152039-scaled.jpg 1920w, https:\/\/hfs-usa.com\/wp-content\/uploads\/2025\/08\/791168-32152039-225x300.jpg 225w, https:\/\/hfs-usa.com\/wp-content\/uploads\/2025\/08\/791168-32152039-768x1024.jpg 768w, https:\/\/hfs-usa.com\/wp-content\/uploads\/2025\/08\/791168-32152039-1152x1536.jpg 1152w, https:\/\/hfs-usa.com\/wp-content\/uploads\/2025\/08\/791168-32152039-1536x2048.jpg 1536w, https:\/\/hfs-usa.com\/wp-content\/uploads\/2025\/08\/791168-32152039-9x12.jpg 9w, https:\/\/hfs-usa.com\/wp-content\/uploads\/2025\/08\/791168-32152039-600x800.jpg 600w\" sizes=\"(max-width: 1920px) 100vw, 1920px\" \/>\t\t\t\t\t\t\t\t\t\t\t\t\t\t\t<\/div>\n\t\t\t\t<\/div>\n\t\t<div class=\"elementor-element elementor-element-366e72e3 e-con-full e-flex e-con e-child\" data-id=\"366e72e3\" data-element_type=\"container\">\n\t\t<div class=\"elementor-element elementor-element-51852968 e-grid e-con-full e-con e-child\" data-id=\"51852968\" data-element_type=\"container\">\n\t\t<div class=\"elementor-element elementor-element-5cedee50 e-con-full e-flex e-con e-child\" data-id=\"5cedee50\" data-element_type=\"container\">\n\t\t\t\t<div class=\"elementor-element elementor-element-6f06c38f elementor-widget-tablet__width-initial elementor-widget elementor-widget-image-box\" data-id=\"6f06c38f\" data-element_type=\"widget\" data-widget_type=\"image-box.default\">\n\t\t\t\t\t<div class=\"elementor-image-box-wrapper\"><div class=\"elementor-image-box-content\"><h5 class=\"elementor-image-box-title\">Nuestro trabajo se basa en tres pilares operativos:<\/h5><\/div><\/div>\t\t\t\t<\/div>\n\t\t\t\t<\/div>\n\t\t<div class=\"elementor-element elementor-element-ae5db6f e-con-full e-flex e-con e-child\" data-id=\"ae5db6f\" data-element_type=\"container\">\n\t\t\t\t<div class=\"elementor-element elementor-element-f01eac7 elementor-widget__width-initial elementor-hidden-desktop elementor-hidden-tablet elementor-hidden-mobile elementor-widget elementor-widget-heading\" data-id=\"f01eac7\" data-element_type=\"widget\" data-widget_type=\"heading.default\">\n\t\t\t\t\t<h5 class=\"elementor-heading-title elementor-size-default\">01<\/h5>\t\t\t\t<\/div>\n\t\t\t\t<div class=\"elementor-element elementor-element-23b568f elementor-widget-tablet__width-initial elementor-widget elementor-widget-image-box\" data-id=\"23b568f\" data-element_type=\"widget\" data-widget_type=\"image-box.default\">\n\t\t\t\t\t<div class=\"elementor-image-box-wrapper\"><div class=\"elementor-image-box-content\"><p class=\"elementor-image-box-description\">Selecci\u00f3n t\u00e9cnica intencionada: No vendemos a partir de cat\u00e1logos: configuramos soluciones basadas en necesidades reales y condiciones de funcionamiento reales.<\/p><\/div><\/div>\t\t\t\t<\/div>\n\t\t\t\t<\/div>\n\t\t<div class=\"elementor-element elementor-element-c08fed0 e-con-full e-flex e-con e-child\" data-id=\"c08fed0\" data-element_type=\"container\">\n\t\t\t\t<div class=\"elementor-element elementor-element-3a3230d9 elementor-widget__width-initial elementor-hidden-desktop elementor-hidden-tablet elementor-hidden-mobile elementor-widget elementor-widget-heading\" data-id=\"3a3230d9\" data-element_type=\"widget\" data-widget_type=\"heading.default\">\n\t\t\t\t\t<h5 class=\"elementor-heading-title elementor-size-default\">02<\/h5>\t\t\t\t<\/div>\n\t\t\t\t<div class=\"elementor-element elementor-element-6001a297 elementor-widget-tablet__width-initial elementor-widget elementor-widget-image-box\" data-id=\"6001a297\" data-element_type=\"widget\" data-widget_type=\"image-box.default\">\n\t\t\t\t\t<div class=\"elementor-image-box-wrapper\"><div class=\"elementor-image-box-content\"><p class=\"elementor-image-box-description\">Rendimiento probado: Cada componente se selecciona por su capacidad para generar eficiencia, reducir la fricci\u00f3n mec\u00e1nica y soportar ciclos de trabajo prolongados.<\/p><\/div><\/div>\t\t\t\t<\/div>\n\t\t\t\t<\/div>\n\t\t<div class=\"elementor-element elementor-element-39bfaaf8 e-con-full e-flex e-con e-child\" data-id=\"39bfaaf8\" data-element_type=\"container\">\n\t\t\t\t<div class=\"elementor-element elementor-element-52edcae9 elementor-widget__width-initial elementor-hidden-desktop elementor-hidden-tablet elementor-hidden-mobile elementor-widget elementor-widget-heading\" data-id=\"52edcae9\" data-element_type=\"widget\" data-widget_type=\"heading.default\">\n\t\t\t\t\t<h5 class=\"elementor-heading-title elementor-size-default\">03<\/h5>\t\t\t\t<\/div>\n\t\t\t\t<div class=\"elementor-element elementor-element-145ef2c6 elementor-widget-tablet__width-initial elementor-widget elementor-widget-image-box\" data-id=\"145ef2c6\" data-element_type=\"widget\" data-widget_type=\"image-box.default\">\n\t\t\t\t\t<div class=\"elementor-image-box-wrapper\"><div class=\"elementor-image-box-content\"><p class=\"elementor-image-box-description\">Cumplimiento estricto: Trabajamos conforme a normas certificadas que garantizan la trazabilidad, la seguridad operativa y el pleno cumplimiento de la normativa.<\/p><\/div><\/div>\t\t\t\t<\/div>\n\t\t\t\t<\/div>\n\t\t\t\t<\/div>\n\t\t\t\t<\/div>\n\t\t\t\t<\/div>\n\t\t\t\t\t<\/div>\n\t\t\t\t<\/div>\n\t\t\t\t<\/div>","protected":false},"excerpt":{"rendered":"<p>Our approach Specialization, Efficiency, and Applied Value At HFS, we don\u2019t improvise \u2014 we operate under a clear methodology designed to delivermeasurable results in mobile hydraulic systems. From technical analysis to final integration,we work with precision, speed, and full alignment with the client\u2019s objectives. We don\u2019t talk about innovation in theory \u2014 we solve what [&hellip;]<\/p>","protected":false},"author":1,"featured_media":0,"parent":0,"menu_order":0,"comment_status":"closed","ping_status":"closed","template":"","meta":{"footnotes":""},"class_list":["post-691","page","type-page","status-publish","hentry"],"_hostinger_reach_plugin_has_subscription_block":false,"_hostinger_reach_plugin_is_elementor":false,"_links":{"self":[{"href":"https:\/\/hfs-usa.com\/es\/wp-json\/wp\/v2\/pages\/691","targetHints":{"allow":["GET"]}}],"collection":[{"href":"https:\/\/hfs-usa.com\/es\/wp-json\/wp\/v2\/pages"}],"about":[{"href":"https:\/\/hfs-usa.com\/es\/wp-json\/wp\/v2\/types\/page"}],"author":[{"embeddable":true,"href":"https:\/\/hfs-usa.com\/es\/wp-json\/wp\/v2\/users\/1"}],"replies":[{"embeddable":true,"href":"https:\/\/hfs-usa.com\/es\/wp-json\/wp\/v2\/comments?post=691"}],"version-history":[{"count":16,"href":"https:\/\/hfs-usa.com\/es\/wp-json\/wp\/v2\/pages\/691\/revisions"}],"predecessor-version":[{"id":1597,"href":"https:\/\/hfs-usa.com\/es\/wp-json\/wp\/v2\/pages\/691\/revisions\/1597"}],"wp:attachment":[{"href":"https:\/\/hfs-usa.com\/es\/wp-json\/wp\/v2\/media?parent=691"}],"curies":[{"name":"wp","href":"https:\/\/api.w.org\/{rel}","templated":true}]}}