{"id":688,"date":"2025-08-04T14:40:33","date_gmt":"2025-08-04T14:40:33","guid":{"rendered":"https:\/\/dev18.mucui.net\/?page_id=688"},"modified":"2025-09-11T07:38:38","modified_gmt":"2025-09-11T07:38:38","slug":"our-value-proposition","status":"publish","type":"page","link":"https:\/\/hfs-usa.com\/es\/our-value-proposition\/","title":{"rendered":"Nuestra propuesta de valor"},"content":{"rendered":"<div data-elementor-type=\"wp-page\" data-elementor-id=\"688\" class=\"elementor elementor-688\" data-elementor-post-type=\"page\">\n\t\t\t\t<div class=\"elementor-element elementor-element-2af94739 e-flex e-con-boxed e-con e-parent\" data-id=\"2af94739\" data-element_type=\"container\" data-settings=\"{&quot;background_background&quot;:&quot;classic&quot;}\">\n\t\t\t\t\t<div class=\"e-con-inner\">\n\t\t<div class=\"elementor-element elementor-element-f450b01 e-con-full e-flex e-con e-child\" data-id=\"f450b01\" data-element_type=\"container\" data-settings=\"{&quot;background_background&quot;:&quot;classic&quot;}\">\n\t\t\t\t<div class=\"elementor-element elementor-element-60164035 text-center elementor-widget elementor-widget-tp-heading-title\" data-id=\"60164035\" data-element_type=\"widget\" data-widget_type=\"tp-heading-title.default\">\n\t\t\t\t\t<div class=\"heading heading_style heading_style69e7375a59c65 style-1\" ><div class=\"sub-style\" ><div class=\"head-title\" > <h2  class=\"heading-title\"  data-hover=\"Our value proposition\">Nuestra propuesta de valor<span class=\"title-s\">  <\/span><\/h2><\/div><\/div><\/div>\t\t\t\t<\/div>\n\t\t\t\t<\/div>\n\t\t\t\t\t<\/div>\n\t\t\t\t<\/div>\n\t\t<div class=\"elementor-element elementor-element-7f2506d7 e-flex e-con-boxed e-con e-parent\" data-id=\"7f2506d7\" data-element_type=\"container\" data-settings=\"{&quot;background_background&quot;:&quot;classic&quot;}\">\n\t\t\t\t\t<div class=\"e-con-inner\">\n\t\t<div class=\"elementor-element elementor-element-3c044f66 e-con-full e-flex e-con e-child\" data-id=\"3c044f66\" data-element_type=\"container\">\n\t\t\t\t<div class=\"elementor-element elementor-element-adfa07d elementor-widget__width-initial elementor-widget-tablet__width-inherit elementor-widget elementor-widget-image-box\" data-id=\"adfa07d\" data-element_type=\"widget\" data-widget_type=\"image-box.default\">\n\t\t\t\t\t<div class=\"elementor-image-box-wrapper\"><div class=\"elementor-image-box-content\"><h2 class=\"elementor-image-box-title\">Ingenier\u00eda Hidr\u00e1ulica Que Aumenta el Rendimiento Donde M\u00e1s Importa<\/h2><p class=\"elementor-image-box-description\">La eficacia en entornos de trabajo exigentes depende de soluciones que nunca fallen. Por eso hemos desarrollado una completa cartera t\u00e9cnica de componentes hidr\u00e1ulicos certificados, dise\u00f1ados para funcionar con precisi\u00f3n, resistencia y durabilidad en aplicaciones de alta exigencia.<\/p><\/div><\/div>\t\t\t\t<\/div>\n\t\t\t\t<div class=\"elementor-element elementor-element-56920c0b elementor-hidden-mobile elementor-widget-divider--view-line elementor-widget elementor-widget-divider\" data-id=\"56920c0b\" data-element_type=\"widget\" data-widget_type=\"divider.default\">\n\t\t\t\t\t\t\t<div class=\"elementor-divider\">\n\t\t\t<span class=\"elementor-divider-separator\">\n\t\t\t\t\t\t<\/span>\n\t\t<\/div>\n\t\t\t\t\t\t<\/div>\n\t\t<div class=\"elementor-element elementor-element-55053c7 e-grid e-con-full e-con e-child\" data-id=\"55053c7\" data-element_type=\"container\">\n\t\t<div class=\"elementor-element elementor-element-797f0d37 e-con-full e-flex e-con e-child\" data-id=\"797f0d37\" data-element_type=\"container\" data-settings=\"{&quot;background_background&quot;:&quot;classic&quot;}\">\n\t\t<div class=\"elementor-element elementor-element-2533679d e-con-full e-flex e-con e-child\" data-id=\"2533679d\" data-element_type=\"container\">\n\t\t\t\t<div class=\"elementor-element elementor-element-4e841bf7 elementor-widget elementor-widget-image-box\" data-id=\"4e841bf7\" data-element_type=\"widget\" data-widget_type=\"image-box.default\">\n\t\t\t\t\t<div class=\"elementor-image-box-wrapper\"><div class=\"elementor-image-box-content\"><p class=\"elementor-image-box-description\">Nuestros sistemas est\u00e1n dise\u00f1ados para mejorar el rendimiento operativo de la maquinaria en sectores clave de como la miner\u00eda, la construcci\u00f3n, la log\u00edstica pesada, la silvicultura, la agricultura, el transporte especializado y los entornos marinos.<\/p><\/div><\/div>\t\t\t\t<\/div>\n\t\t\t\t<\/div>\n\t\t\t\t<\/div>\n\t\t<div class=\"elementor-element elementor-element-7c87134c e-con-full e-flex e-con e-child\" data-id=\"7c87134c\" data-element_type=\"container\" data-settings=\"{&quot;background_background&quot;:&quot;classic&quot;}\">\n\t\t\t\t<div class=\"elementor-element elementor-element-75ad2300 elementor-widget elementor-widget-heading\" data-id=\"75ad2300\" data-element_type=\"widget\" data-widget_type=\"heading.default\">\n\t\t\t\t\t<h2 class=\"elementor-heading-title elementor-size-default\">Comprometidos con la protecci\u00f3n de los r\u00edos durante generaciones<\/h2>\t\t\t\t<\/div>\n\t\t\t\t<\/div>\n\t\t<div class=\"elementor-element elementor-element-236d5953 e-con-full e-flex e-con e-child\" data-id=\"236d5953\" data-element_type=\"container\" data-settings=\"{&quot;background_background&quot;:&quot;classic&quot;}\">\n\t\t<div class=\"elementor-element elementor-element-744a3521 e-con-full e-flex e-con e-child\" data-id=\"744a3521\" data-element_type=\"container\">\n\t\t\t\t<div class=\"elementor-element elementor-element-6023ff8c elementor-widget elementor-widget-image-box\" data-id=\"6023ff8c\" data-element_type=\"widget\" data-widget_type=\"image-box.default\">\n\t\t\t\t\t<div class=\"elementor-image-box-wrapper\"><div class=\"elementor-image-box-content\"><p class=\"elementor-image-box-description\">Cada componente que integramos se selecciona cuidadosamente bajo estrictas normas de calidad hidr\u00e1ulica m\u00f3vil e industrial, y se prueba sobre el terreno para garantizar la fiabilidad mec\u00e1nica, la compatibilidad t\u00e9cnica y el cumplimiento de la normativa internacional.<\/p><\/div><\/div>\t\t\t\t<\/div>\n\t\t\t\t<\/div>\n\t\t\t\t<\/div>\n\t\t<div class=\"elementor-element elementor-element-5bd90ed5 e-con-full e-flex e-con e-child\" data-id=\"5bd90ed5\" data-element_type=\"container\" data-settings=\"{&quot;background_background&quot;:&quot;classic&quot;}\">\n\t\t<div class=\"elementor-element elementor-element-200d6eb e-con-full e-flex e-con e-child\" data-id=\"200d6eb\" data-element_type=\"container\">\n\t\t\t\t<div class=\"elementor-element elementor-element-52df37a1 elementor-widget elementor-widget-image-box\" data-id=\"52df37a1\" data-element_type=\"widget\" data-widget_type=\"image-box.default\">\n\t\t\t\t\t<div class=\"elementor-image-box-wrapper\"><div class=\"elementor-image-box-content\"><p class=\"elementor-image-box-description\">Operamos desde un centro log\u00edstico en Florida, lo que garantiza una entrega r\u00e1pida y una asistencia t\u00e9cnica \u00e1gil. Nuestro modelo de negocio combina ingenier\u00eda aplicada, comunicaci\u00f3n directa y adaptabilidad a la complejidad de cada proyecto.<\/p><\/div><\/div>\t\t\t\t<\/div>\n\t\t\t\t<\/div>\n\t\t\t\t<\/div>\n\t\t<div class=\"elementor-element elementor-element-23e2fdfe e-con-full e-flex e-con e-child\" data-id=\"23e2fdfe\" data-element_type=\"container\" data-settings=\"{&quot;background_background&quot;:&quot;classic&quot;}\">\n\t\t<div class=\"elementor-element elementor-element-4fbecc95 e-con-full e-flex e-con e-child\" data-id=\"4fbecc95\" data-element_type=\"container\">\n\t\t\t\t<div class=\"elementor-element elementor-element-66d7f8c6 elementor-widget elementor-widget-image-box\" data-id=\"66d7f8c6\" data-element_type=\"widget\" data-widget_type=\"image-box.default\">\n\t\t\t\t\t<div class=\"elementor-image-box-wrapper\"><div class=\"elementor-image-box-content\"><p class=\"elementor-image-box-description\">No nos limitamos a vender componentes:\ngarantizamos la continuidad del sistema, reducimos los fallos cr\u00edticos y prolongamos la vida \u00fatil de los equipos en cada soluci\u00f3n hidr\u00e1ulica que ofrecemos.<\/p><\/div><\/div>\t\t\t\t<\/div>\n\t\t\t\t<\/div>\n\t\t\t\t<\/div>\n\t\t\t\t<\/div>\n\t\t\t\t<\/div>\n\t\t\t\t\t<\/div>\n\t\t\t\t<\/div>\n\t\t\t\t<\/div>","protected":false},"excerpt":{"rendered":"<p>Our value proposition Hydraulic Engineering That Boosts Performance Where It Matters Most Efficiency in demanding work environments depends on solutions that never fail. That\u2019s why we\u2019ve developed a comprehensive technical portfolio of certified hydraulic components, designed to operate with precision, strength, and durability in high-demand applications. Our systems are engineered to enhance the operational performance [&hellip;]<\/p>","protected":false},"author":1,"featured_media":0,"parent":0,"menu_order":0,"comment_status":"closed","ping_status":"closed","template":"elementor_header_footer","meta":{"footnotes":""},"class_list":["post-688","page","type-page","status-publish","hentry"],"_hostinger_reach_plugin_has_subscription_block":false,"_hostinger_reach_plugin_is_elementor":false,"_links":{"self":[{"href":"https:\/\/hfs-usa.com\/es\/wp-json\/wp\/v2\/pages\/688","targetHints":{"allow":["GET"]}}],"collection":[{"href":"https:\/\/hfs-usa.com\/es\/wp-json\/wp\/v2\/pages"}],"about":[{"href":"https:\/\/hfs-usa.com\/es\/wp-json\/wp\/v2\/types\/page"}],"author":[{"embeddable":true,"href":"https:\/\/hfs-usa.com\/es\/wp-json\/wp\/v2\/users\/1"}],"replies":[{"embeddable":true,"href":"https:\/\/hfs-usa.com\/es\/wp-json\/wp\/v2\/comments?post=688"}],"version-history":[{"count":13,"href":"https:\/\/hfs-usa.com\/es\/wp-json\/wp\/v2\/pages\/688\/revisions"}],"predecessor-version":[{"id":1642,"href":"https:\/\/hfs-usa.com\/es\/wp-json\/wp\/v2\/pages\/688\/revisions\/1642"}],"wp:attachment":[{"href":"https:\/\/hfs-usa.com\/es\/wp-json\/wp\/v2\/media?parent=688"}],"curies":[{"name":"wp","href":"https:\/\/api.w.org\/{rel}","templated":true}]}}