{"id":187,"date":"2025-07-24T19:02:12","date_gmt":"2025-07-24T19:02:12","guid":{"rendered":"https:\/\/hfs-usa.com\/?page_id=187"},"modified":"2025-10-20T18:30:44","modified_gmt":"2025-10-20T18:30:44","slug":"our-process","status":"publish","type":"page","link":"https:\/\/hfs-usa.com\/es\/our-process\/","title":{"rendered":"Nuestro proceso"},"content":{"rendered":"<div data-elementor-type=\"wp-page\" data-elementor-id=\"187\" class=\"elementor elementor-187\" data-elementor-post-type=\"page\">\n\t\t\t\t<div class=\"elementor-element elementor-element-6b7f1372 e-flex e-con-boxed e-con e-parent\" data-id=\"6b7f1372\" data-element_type=\"container\" data-settings=\"{&quot;background_background&quot;:&quot;classic&quot;}\">\n\t\t\t\t\t<div class=\"e-con-inner\">\n\t\t<div class=\"elementor-element elementor-element-439a3f68 e-con-full e-flex e-con e-child\" data-id=\"439a3f68\" data-element_type=\"container\" data-settings=\"{&quot;background_background&quot;:&quot;classic&quot;}\">\n\t\t\t\t<div class=\"elementor-element elementor-element-36db9bd0 text-center elementor-widget elementor-widget-tp-heading-title\" data-id=\"36db9bd0\" data-element_type=\"widget\" data-widget_type=\"tp-heading-title.default\">\n\t\t\t\t\t<div class=\"heading heading_style heading_style69e73371622de style-1\" ><div class=\"sub-style\" ><div class=\"head-title\" > <h2  class=\"heading-title\"  data-hover=\"Our process\">Nuestro proceso<span class=\"title-s\">  <\/span><\/h2><\/div><\/div><\/div>\t\t\t\t<\/div>\n\t\t\t\t<\/div>\n\t\t\t\t\t<\/div>\n\t\t\t\t<\/div>\n\t\t<div class=\"elementor-element elementor-element-20bf6254 e-flex e-con-boxed e-con e-parent\" data-id=\"20bf6254\" data-element_type=\"container\">\n\t\t\t\t\t<div class=\"e-con-inner\">\n\t\t<div class=\"elementor-element elementor-element-420393ef e-con-full e-flex e-con e-child\" data-id=\"420393ef\" data-element_type=\"container\">\n\t\t<div class=\"elementor-element elementor-element-51e32cb e-flex e-con-boxed e-con e-child\" data-id=\"51e32cb\" data-element_type=\"container\">\n\t\t\t\t\t<div class=\"e-con-inner\">\n\t\t\t\t<div class=\"elementor-element elementor-element-75cd81cc elementor-widget__width-inherit elementor-widget-mobile__width-inherit elementor-widget elementor-widget-heading\" data-id=\"75cd81cc\" data-element_type=\"widget\" data-widget_type=\"heading.default\">\n\t\t\t\t\t<h2 class=\"elementor-heading-title elementor-size-default\">De la Necesidad al Resultado: Una Metodolog\u00eda Dise\u00f1ada Para Aportar Valor<\/h2>\t\t\t\t<\/div>\n\t\t\t\t<div class=\"elementor-element elementor-element-f111246 elementor-widget-tablet__width-inherit elementor-widget-mobile__width-inherit elementor-widget__width-inherit elementor-widget elementor-widget-text-editor\" data-id=\"f111246\" data-element_type=\"widget\" data-widget_type=\"text-editor.default\">\n\t\t\t\t\t\t\t\t\t<p>En HFS, el \u00e9xito de un proyecto hidr\u00e1ulico no empieza con una venta, sino con una comprensi\u00f3n<br \/>plena de lo que est\u00e1 en juego. Por eso estructuramos un proceso comercial riguroso, \u00e1gil y orientado<br \/>a los resultados.<\/p>\t\t\t\t\t\t\t\t<\/div>\n\t\t\t\t<div class=\"elementor-element elementor-element-bac58a6 elementor-widget-tablet__width-inherit elementor-widget-mobile__width-inherit elementor-widget__width-inherit elementor-widget elementor-widget-text-editor\" data-id=\"bac58a6\" data-element_type=\"widget\" data-widget_type=\"text-editor.default\">\n\t\t\t\t\t\t\t\t\t<p>No operamos como un proveedor tradicional. En cada fase, actuamos como su socio t\u00e9cnico,<br \/>protegiendo su inversi\u00f3n e impulsando su productividad.<\/p>\t\t\t\t\t\t\t\t<\/div>\n\t\t\t\t\t<\/div>\n\t\t\t\t<\/div>\n\t\t\t\t<div class=\"elementor-element elementor-element-252d0797 elementor-hidden-mobile elementor-widget-divider--view-line elementor-widget elementor-widget-divider\" data-id=\"252d0797\" data-element_type=\"widget\" data-widget_type=\"divider.default\">\n\t\t\t\t\t\t\t<div class=\"elementor-divider\">\n\t\t\t<span class=\"elementor-divider-separator\">\n\t\t\t\t\t\t<\/span>\n\t\t<\/div>\n\t\t\t\t\t\t<\/div>\n\t\t<div class=\"elementor-element elementor-element-6c67fcb0 e-con-full e-grid e-con e-child\" data-id=\"6c67fcb0\" data-element_type=\"container\">\n\t\t<div class=\"elementor-element elementor-element-49de0a8d e-con-full e-flex e-con e-child\" data-id=\"49de0a8d\" data-element_type=\"container\" data-settings=\"{&quot;background_background&quot;:&quot;classic&quot;}\">\n\t\t\t\t<div class=\"elementor-element elementor-element-10b30bef elementor-widget__width-inherit elementor-widget-mobile__width-inherit elementor-widget-tablet__width-inherit elementor-widget elementor-widget-image-box\" data-id=\"10b30bef\" data-element_type=\"widget\" data-widget_type=\"image-box.default\">\n\t\t\t\t\t<div class=\"elementor-image-box-wrapper\"><div class=\"elementor-image-box-content\"><h4 class=\"elementor-image-box-title\">1. Diagn\u00f3stico operativo<\/h4><p class=\"elementor-image-box-description\">Analizamos las condiciones de trabajo, el tipo de equipo, las exigencias del entorno y los objetivos del cliente. No trabajamos a partir de suposiciones, sino de datos verificados.<\/p><\/div><\/div>\t\t\t\t<\/div>\n\t\t\t\t<\/div>\n\t\t<div class=\"elementor-element elementor-element-708e0d05 e-con-full e-flex e-con e-child\" data-id=\"708e0d05\" data-element_type=\"container\" data-settings=\"{&quot;background_background&quot;:&quot;classic&quot;}\">\n\t\t\t\t<div class=\"elementor-element elementor-element-b4f7896 elementor-widget__width-inherit elementor-widget-mobile__width-inherit elementor-widget-tablet__width-inherit elementor-widget elementor-widget-image-box\" data-id=\"b4f7896\" data-element_type=\"widget\" data-widget_type=\"image-box.default\">\n\t\t\t\t\t<div class=\"elementor-image-box-wrapper\"><div class=\"elementor-image-box-content\"><h4 class=\"elementor-image-box-title\">2. Ingenier\u00eda de aplicaciones<\/h4><p class=\"elementor-image-box-description\">Dise\u00f1amos soluciones a medida seleccionando componentes certificados y configuraciones \u00f3ptimas del sistema para maximizar el caudal, la presi\u00f3n de trabajo y la eficiencia energ\u00e9tica.<\/p><\/div><\/div>\t\t\t\t<\/div>\n\t\t\t\t<\/div>\n\t\t<div class=\"elementor-element elementor-element-15909891 e-con-full e-flex e-con e-child\" data-id=\"15909891\" data-element_type=\"container\" data-settings=\"{&quot;background_background&quot;:&quot;classic&quot;}\">\n\t\t\t\t<div class=\"elementor-element elementor-element-765436eb elementor-widget__width-inherit elementor-widget-mobile__width-inherit elementor-widget-tablet__width-inherit elementor-widget elementor-widget-image-box\" data-id=\"765436eb\" data-element_type=\"widget\" data-widget_type=\"image-box.default\">\n\t\t\t\t\t<div class=\"elementor-image-box-wrapper\"><div class=\"elementor-image-box-content\"><h4 class=\"elementor-image-box-title\">3. Validaci\u00f3n T\u00e9cnica Completa<\/h4><p class=\"elementor-image-box-description\">Cada propuesta incluye c\u00e1lculos hidr\u00e1ulicos, diagramas funcionales, fichas t\u00e9cnicas y comprobaciones de compatibilidad dimensional para evitar contratiempos en obra.<\/p><\/div><\/div>\t\t\t\t<\/div>\n\t\t\t\t<\/div>\n\t\t<div class=\"elementor-element elementor-element-4bdac4fc e-con-full e-flex e-con e-child\" data-id=\"4bdac4fc\" data-element_type=\"container\" data-settings=\"{&quot;background_background&quot;:&quot;classic&quot;}\">\n\t\t\t\t<div class=\"elementor-element elementor-element-49536176 elementor-widget__width-inherit elementor-widget-mobile__width-inherit elementor-widget-tablet__width-inherit elementor-widget elementor-widget-image-box\" data-id=\"49536176\" data-element_type=\"widget\" data-widget_type=\"image-box.default\">\n\t\t\t\t\t<div class=\"elementor-image-box-wrapper\"><div class=\"elementor-image-box-content\"><h4 class=\"elementor-image-box-title\">4. Log\u00edstica Precisa y Plazos de Entrega Competitivos<\/h4><p class=\"elementor-image-box-description\">Coordinamos los env\u00edos desde nuestro centro de Fort Lauderdale a cualquier punto del continente, con un seguimiento proactivo y plazos de entrega transparentes.<\/p><\/div><\/div>\t\t\t\t<\/div>\n\t\t\t\t<\/div>\n\t\t<div class=\"elementor-element elementor-element-56a1898 e-con-full e-flex e-con e-child\" data-id=\"56a1898\" data-element_type=\"container\" data-settings=\"{&quot;background_background&quot;:&quot;classic&quot;}\">\n\t\t\t\t<div class=\"elementor-element elementor-element-0e24326 elementor-widget__width-inherit elementor-widget-mobile__width-inherit elementor-widget-tablet__width-inherit elementor-widget elementor-widget-image-box\" data-id=\"0e24326\" data-element_type=\"widget\" data-widget_type=\"image-box.default\">\n\t\t\t\t\t<div class=\"elementor-image-box-wrapper\"><div class=\"elementor-image-box-content\"><h4 class=\"elementor-image-box-title\">5. Asistencia T\u00e9cnica y Servicio Posventa<\/h4><p class=\"elementor-image-box-description\">Ofrecemos formaci\u00f3n, asistencia en la instalaci\u00f3n, mantenimiento preventivo y asistencia remota para garantizar el rendimiento del sistema a largo plazo.<\/p><\/div><\/div>\t\t\t\t<\/div>\n\t\t\t\t<\/div>\n\t\t\t\t<\/div>\n\t\t<div class=\"elementor-element elementor-element-289dff9e e-con-full e-flex e-con e-child\" data-id=\"289dff9e\" data-element_type=\"container\" data-settings=\"{&quot;background_background&quot;:&quot;classic&quot;}\">\n\t\t\t\t<\/div>\n\t\t\t\t<\/div>\n\t\t\t\t\t<\/div>\n\t\t\t\t<\/div>\n\t\t\t\t<\/div>","protected":false},"excerpt":{"rendered":"<p>Our process From Need to Outcome: A Methodology Designed to Deliver Value At HFS, the success of a hydraulic project doesn\u2019t start with a sale\u2014it starts with a fullunderstanding of what\u2019s at stake. That\u2019s why we structure a rigorous, agile, and results-drivencommercial process. We don\u2019t operate as a traditional supplier. At every stage, we act [&hellip;]<\/p>","protected":false},"author":1,"featured_media":0,"parent":0,"menu_order":0,"comment_status":"closed","ping_status":"closed","template":"","meta":{"footnotes":""},"class_list":["post-187","page","type-page","status-publish","hentry"],"_hostinger_reach_plugin_has_subscription_block":false,"_hostinger_reach_plugin_is_elementor":false,"_links":{"self":[{"href":"https:\/\/hfs-usa.com\/es\/wp-json\/wp\/v2\/pages\/187","targetHints":{"allow":["GET"]}}],"collection":[{"href":"https:\/\/hfs-usa.com\/es\/wp-json\/wp\/v2\/pages"}],"about":[{"href":"https:\/\/hfs-usa.com\/es\/wp-json\/wp\/v2\/types\/page"}],"author":[{"embeddable":true,"href":"https:\/\/hfs-usa.com\/es\/wp-json\/wp\/v2\/users\/1"}],"replies":[{"embeddable":true,"href":"https:\/\/hfs-usa.com\/es\/wp-json\/wp\/v2\/comments?post=187"}],"version-history":[{"count":28,"href":"https:\/\/hfs-usa.com\/es\/wp-json\/wp\/v2\/pages\/187\/revisions"}],"predecessor-version":[{"id":1713,"href":"https:\/\/hfs-usa.com\/es\/wp-json\/wp\/v2\/pages\/187\/revisions\/1713"}],"wp:attachment":[{"href":"https:\/\/hfs-usa.com\/es\/wp-json\/wp\/v2\/media?parent=187"}],"curies":[{"name":"wp","href":"https:\/\/api.w.org\/{rel}","templated":true}]}}