{"id":183,"date":"2025-07-24T19:02:12","date_gmt":"2025-07-24T19:02:12","guid":{"rendered":"https:\/\/hfs-usa.com\/?page_id=183"},"modified":"2025-10-02T07:34:14","modified_gmt":"2025-10-02T07:34:14","slug":"who-we-are","status":"publish","type":"page","link":"https:\/\/hfs-usa.com\/es\/who-we-are\/","title":{"rendered":"Qui\u00e9nes somos"},"content":{"rendered":"<div data-elementor-type=\"wp-page\" data-elementor-id=\"183\" class=\"elementor elementor-183\" data-elementor-post-type=\"page\">\n\t\t\t\t<div class=\"elementor-element elementor-element-46c5a5a4 e-flex e-con-boxed e-con e-parent\" data-id=\"46c5a5a4\" data-element_type=\"container\" data-settings=\"{&quot;background_background&quot;:&quot;classic&quot;}\">\n\t\t\t\t\t<div class=\"e-con-inner\">\n\t\t<div class=\"elementor-element elementor-element-7bd8f8e3 e-con-full e-flex e-con e-child\" data-id=\"7bd8f8e3\" data-element_type=\"container\" data-settings=\"{&quot;background_background&quot;:&quot;classic&quot;}\">\n\t\t\t\t<div class=\"elementor-element elementor-element-d2b3a08 text-center elementor-widget elementor-widget-tp-heading-title\" data-id=\"d2b3a08\" data-element_type=\"widget\" data-widget_type=\"tp-heading-title.default\">\n\t\t\t\t\t<div class=\"heading heading_style heading_style69e76d23316f1 style-1\" ><div class=\"sub-style\" ><div class=\"head-title\" > <h2  class=\"heading-title\"  data-hover=\"Who we are\">Qui\u00e9nes somos<span class=\"title-s\">  <\/span><\/h2><\/div><\/div><\/div>\t\t\t\t<\/div>\n\t\t\t\t<\/div>\n\t\t\t\t\t<\/div>\n\t\t\t\t<\/div>\n\t\t<div class=\"elementor-element elementor-element-36fcfe2d e-flex e-con-boxed e-con e-parent\" data-id=\"36fcfe2d\" data-element_type=\"container\">\n\t\t\t\t\t<div class=\"e-con-inner\">\n\t\t<div class=\"elementor-element elementor-element-153e71da e-con-full e-flex e-con e-child\" data-id=\"153e71da\" data-element_type=\"container\">\n\t\t<div class=\"elementor-element elementor-element-4f3e1b71 e-con-full e-flex e-con e-child\" data-id=\"4f3e1b71\" data-element_type=\"container\">\n\t\t\t\t<div class=\"elementor-element elementor-element-32aa13a0 elementor-widget__width-inherit elementor-widget-tablet__width-auto elementor-widget-mobile__width-inherit elementor-widget elementor-widget-heading\" data-id=\"32aa13a0\" data-element_type=\"widget\" data-widget_type=\"heading.default\">\n\t\t\t\t\t<div class=\"elementor-heading-title elementor-size-default\">Por qu\u00e9 participar<\/div>\t\t\t\t<\/div>\n\t\t\t\t<div class=\"elementor-element elementor-element-3768e470 elementor-widget__width-inherit elementor-widget-mobile__width-inherit elementor-widget elementor-widget-heading\" data-id=\"3768e470\" data-element_type=\"widget\" data-widget_type=\"heading.default\">\n\t\t\t\t\t<h2 class=\"elementor-heading-title elementor-size-default\">Hidr\u00e1ulica de Precisi\u00f3n Para una Nueva Generaci\u00f3n de Equipos M\u00f3viles<\/h2>\t\t\t\t<\/div>\n\t\t\t\t<\/div>\n\t\t\t\t<div class=\"elementor-element elementor-element-340d9e9b elementor-hidden-mobile elementor-widget-divider--view-line elementor-widget elementor-widget-divider\" data-id=\"340d9e9b\" data-element_type=\"widget\" data-widget_type=\"divider.default\">\n\t\t\t\t\t\t\t<div class=\"elementor-divider\">\n\t\t\t<span class=\"elementor-divider-separator\">\n\t\t\t\t\t\t<\/span>\n\t\t<\/div>\n\t\t\t\t\t\t<\/div>\n\t\t<div class=\"elementor-element elementor-element-20504247 e-con-full e-grid e-con e-child\" data-id=\"20504247\" data-element_type=\"container\">\n\t\t<div class=\"elementor-element elementor-element-2e162431 e-con-full e-flex e-con e-child\" data-id=\"2e162431\" data-element_type=\"container\" data-settings=\"{&quot;background_background&quot;:&quot;classic&quot;}\">\n\t\t\t\t<div class=\"elementor-element elementor-element-44743b1a elementor-widget__width-inherit elementor-widget-mobile__width-inherit elementor-widget-tablet__width-inherit elementor-widget elementor-widget-image-box\" data-id=\"44743b1a\" data-element_type=\"widget\" data-widget_type=\"image-box.default\">\n\t\t\t\t\t<div class=\"elementor-image-box-wrapper\"><div class=\"elementor-image-box-content\"><p class=\"elementor-image-box-description\">El desarrollo de soluciones hidr\u00e1ulicas eficaces y robustas no se produce por casualidad. Es el resultado de una visi\u00f3n clara, una experiencia t\u00e9cnica acumulada y una estrategia centrada en el rendimiento real sobre el terreno.<\/p><\/div><\/div>\t\t\t\t<\/div>\n\t\t\t\t<\/div>\n\t\t<div class=\"elementor-element elementor-element-6c63dfa4 e-con-full e-flex e-con e-child\" data-id=\"6c63dfa4\" data-element_type=\"container\" data-settings=\"{&quot;background_background&quot;:&quot;classic&quot;}\">\n\t\t\t\t<div class=\"elementor-element elementor-element-2ee9b92f elementor-widget__width-inherit elementor-widget-mobile__width-inherit elementor-widget-tablet__width-inherit elementor-widget elementor-widget-image-box\" data-id=\"2ee9b92f\" data-element_type=\"widget\" data-widget_type=\"image-box.default\">\n\t\t\t\t\t<div class=\"elementor-image-box-wrapper\"><div class=\"elementor-image-box-content\"><p class=\"elementor-image-box-description\">Con sede en Fort Lauderdale, Florida, nos posicionamos como un socio t\u00e9cnico fiable para las empresas de que operan en condiciones exigentes, donde el fracaso no es una opci\u00f3n.<\/p><\/div><\/div>\t\t\t\t<\/div>\n\t\t\t\t<\/div>\n\t\t<div class=\"elementor-element elementor-element-7bacaacc e-con-full e-flex e-con e-child\" data-id=\"7bacaacc\" data-element_type=\"container\" data-settings=\"{&quot;background_background&quot;:&quot;classic&quot;}\">\n\t\t\t\t<div class=\"elementor-element elementor-element-4f8ddd1e elementor-widget__width-inherit elementor-widget-mobile__width-inherit elementor-widget-tablet__width-inherit elementor-widget elementor-widget-image-box\" data-id=\"4f8ddd1e\" data-element_type=\"widget\" data-widget_type=\"image-box.default\">\n\t\t\t\t\t<div class=\"elementor-image-box-wrapper\"><div class=\"elementor-image-box-content\"><p class=\"elementor-image-box-description\">Fundada en 2025, Hydraulic Fluid Systems (HFS) se estableci\u00f3 con una audaz misi\u00f3n:\nelevar el est\u00e1ndar de la hidr\u00e1ulica m\u00f3vil combinando ingenier\u00eda de precisi\u00f3n, integraci\u00f3n inteligente de sistemas y log\u00edstica \u00e1gil desde EE.UU. a Latinoam\u00e9rica, Europa, \u00c1frica y Asia.<\/p><\/div><\/div>\t\t\t\t<\/div>\n\t\t\t\t<\/div>\n\t\t<div class=\"elementor-element elementor-element-9d9a5d0 e-con-full e-flex e-con e-child\" data-id=\"9d9a5d0\" data-element_type=\"container\" data-settings=\"{&quot;background_background&quot;:&quot;classic&quot;}\">\n\t\t\t\t<div class=\"elementor-element elementor-element-bdaca80 elementor-widget__width-inherit elementor-widget-mobile__width-inherit elementor-widget-tablet__width-inherit elementor-widget elementor-widget-image-box\" data-id=\"bdaca80\" data-element_type=\"widget\" data-widget_type=\"image-box.default\">\n\t\t\t\t\t<div class=\"elementor-image-box-wrapper\"><div class=\"elementor-image-box-content\"><p class=\"elementor-image-box-description\">Nuestro equipo est\u00e1 formado por profesionales con una larga experiencia en el dise\u00f1o y suministro\nde sistemas hidr\u00e1ulicos a medida, adaptados a sectores como la construcci\u00f3n, el transporte,\nla silvicultura, la agricultura, la miner\u00eda y los servicios p\u00fablicos.<\/p><\/div><\/div>\t\t\t\t<\/div>\n\t\t\t\t<\/div>\n\t\t<div class=\"elementor-element elementor-element-ac83cec e-con-full e-flex e-con e-child\" data-id=\"ac83cec\" data-element_type=\"container\" data-settings=\"{&quot;background_background&quot;:&quot;classic&quot;}\">\n\t\t\t\t<div class=\"elementor-element elementor-element-5670531 elementor-widget__width-inherit elementor-widget-mobile__width-inherit elementor-widget-tablet__width-inherit elementor-widget elementor-widget-image-box\" data-id=\"5670531\" data-element_type=\"widget\" data-widget_type=\"image-box.default\">\n\t\t\t\t\t<div class=\"elementor-image-box-wrapper\"><div class=\"elementor-image-box-content\"><p class=\"elementor-image-box-description\">Cada proyecto que realizamos se basa en tres pilares fundamentales: calidad t\u00e9cnica, fiabilidad operativa y soluciones duraderas.<\/p><\/div><\/div>\t\t\t\t<\/div>\n\t\t\t\t<\/div>\n\t\t<div class=\"elementor-element elementor-element-22067081 e-con-full e-flex e-con e-child\" data-id=\"22067081\" data-element_type=\"container\" data-settings=\"{&quot;background_background&quot;:&quot;classic&quot;}\">\n\t\t\t\t<div class=\"elementor-element elementor-element-26de5d53 elementor-widget__width-inherit elementor-widget-mobile__width-inherit elementor-widget-tablet__width-inherit elementor-widget elementor-widget-image-box\" data-id=\"26de5d53\" data-element_type=\"widget\" data-widget_type=\"image-box.default\">\n\t\t\t\t\t<div class=\"elementor-image-box-wrapper\"><div class=\"elementor-image-box-content\"><p class=\"elementor-image-box-description\">Somos m\u00e1s que un proveedor de piezas: dise\u00f1amos la arquitectura hidr\u00e1ulica que impulsa las operaciones en el mundo real.<\/p><\/div><\/div>\t\t\t\t<\/div>\n\t\t\t\t<\/div>\n\t\t\t\t<\/div>\n\t\t<div class=\"elementor-element elementor-element-66bd0d54 e-con-full e-flex e-con e-child\" data-id=\"66bd0d54\" data-element_type=\"container\" data-settings=\"{&quot;background_background&quot;:&quot;classic&quot;}\">\n\t\t\t\t<\/div>\n\t\t\t\t<\/div>\n\t\t\t\t\t<\/div>\n\t\t\t\t<\/div>\n\t\t\t\t<\/div>","protected":false},"excerpt":{"rendered":"<p>Who we are Why Get Involved Precision Hydraulics for a New Generation of Mobile Equipment The development of efficient and robust hydraulic solutions doesn\u2019t happen by accident. It stems from a clear vision, accumulated technical expertise, and a strategy focused on real- world performance in the field. Based in Fort Lauderdale, Florida, we position ourselves [&hellip;]<\/p>","protected":false},"author":1,"featured_media":0,"parent":0,"menu_order":0,"comment_status":"closed","ping_status":"closed","template":"elementor_header_footer","meta":{"footnotes":""},"class_list":["post-183","page","type-page","status-publish","hentry"],"_hostinger_reach_plugin_has_subscription_block":false,"_hostinger_reach_plugin_is_elementor":false,"_links":{"self":[{"href":"https:\/\/hfs-usa.com\/es\/wp-json\/wp\/v2\/pages\/183","targetHints":{"allow":["GET"]}}],"collection":[{"href":"https:\/\/hfs-usa.com\/es\/wp-json\/wp\/v2\/pages"}],"about":[{"href":"https:\/\/hfs-usa.com\/es\/wp-json\/wp\/v2\/types\/page"}],"author":[{"embeddable":true,"href":"https:\/\/hfs-usa.com\/es\/wp-json\/wp\/v2\/users\/1"}],"replies":[{"embeddable":true,"href":"https:\/\/hfs-usa.com\/es\/wp-json\/wp\/v2\/comments?post=183"}],"version-history":[{"count":16,"href":"https:\/\/hfs-usa.com\/es\/wp-json\/wp\/v2\/pages\/183\/revisions"}],"predecessor-version":[{"id":1660,"href":"https:\/\/hfs-usa.com\/es\/wp-json\/wp\/v2\/pages\/183\/revisions\/1660"}],"wp:attachment":[{"href":"https:\/\/hfs-usa.com\/es\/wp-json\/wp\/v2\/media?parent=183"}],"curies":[{"name":"wp","href":"https:\/\/api.w.org\/{rel}","templated":true}]}}